{"id":3,"date":"2023-12-05T15:08:13","date_gmt":"2023-12-05T18:08:13","guid":{"rendered":"https:\/\/petra-group.com.br\/?page_id=3"},"modified":"2023-12-13T15:38:13","modified_gmt":"2023-12-13T18:38:13","slug":"politica-de-privacidade","status":"publish","type":"page","link":"https:\/\/petra-group.com.br\/es\/politica-de-privacidade\/","title":{"rendered":"pol\u00edtica de privacidad"},"content":{"rendered":"<div data-elementor-type=\"wp-page\" data-elementor-id=\"3\" class=\"elementor elementor-3\" data-elementor-post-type=\"page\">\n\t\t\t\t<div class=\"elementor-element elementor-element-1ca24a8b e-flex e-con-boxed e-con e-parent\" data-id=\"1ca24a8b\" data-element_type=\"container\" data-settings=\"{&quot;background_background&quot;:&quot;classic&quot;,&quot;jet_parallax_layout_list&quot;:[]}\">\n\t\t\t\t\t<div class=\"e-con-inner\">\n\t\t<div class=\"elementor-element elementor-element-80f10f9 e-con-full e-flex e-con e-child\" data-id=\"80f10f9\" data-element_type=\"container\" data-settings=\"{&quot;background_background&quot;:&quot;classic&quot;,&quot;jet_parallax_layout_list&quot;:[]}\">\n\t\t\t\t<div class=\"elementor-element elementor-element-8990ed9 elementor-widget elementor-widget-heading\" data-id=\"8990ed9\" data-element_type=\"widget\" data-widget_type=\"heading.default\">\n\t\t\t\t<div class=\"elementor-widget-container\">\n\t\t\t\t\t<h2 class=\"elementor-heading-title elementor-size-default\">Pol\u00edtica de privacidad del Grupo Petra<\/h2>\t\t\t\t<\/div>\n\t\t\t\t<\/div>\n\t\t\t\t<div class=\"elementor-element elementor-element-36afd4f0 elementor-widget elementor-widget-text-editor\" data-id=\"36afd4f0\" data-element_type=\"widget\" data-widget_type=\"text-editor.default\">\n\t\t\t\t<div class=\"elementor-widget-container\">\n\t\t\t\t\t\t\t\t\t<p><strong style=\"color: var( --e-global-color-text ); font-family: var( --e-global-typography-text-font-family ), Sans-serif; background-color: var( --e-global-color-e9eb6f3 ); text-align: var(--text-align); font-size: 1rem;\">1. Introducci\u00f3n<\/strong><\/p>\n<p>En Petra Group, valoramos la privacidad y seguridad de los datos de nuestros visitantes y clientes. Con m\u00e1s de 15 a\u00f1os de experiencia en soluciones escalables para la fuerza laboral, incluyendo consultor\u00eda, empleo global y servicios de movilidad, nos comprometemos a proteger la informaci\u00f3n personal recopilada en nuestro sitio web y en todas nuestras operaciones.<\/p>\n<p><strong>2. Recopilaci\u00f3n y uso de informaci\u00f3n personal<\/strong><\/p>\n<p>Recopilamos informaci\u00f3n personal para mejorar su experiencia de navegaci\u00f3n y ofrecerle servicios personalizados. Esto incluye datos proporcionados directamente por usted, como su nombre, direcci\u00f3n de correo electr\u00f3nico e informaci\u00f3n profesional, as\u00ed como datos recopilados autom\u00e1ticamente, como cookies y datos de uso del sitio web.<\/p>\n<p><strong>3. Cookies y tecnolog\u00edas de seguimiento<\/strong><\/p>\n<p>Utilizamos cookies y tecnolog\u00edas similares para mejorar tu experiencia de navegaci\u00f3n y analizar el tr\u00e1fico del sitio web. Puedes aceptar, personalizar o rechazar el uso de cookies.<\/p>\n<p><strong>4. Intercambio de datos<\/strong><\/p>\n<p>Compartimos datos con socios y terceros solo cuando es necesario, como para servicios de an\u00e1lisis o en cumplimiento de obligaciones legales. La seguridad y la privacidad de los datos son siempre nuestra prioridad.<\/p>\n<p><strong>5. Retenci\u00f3n de datos<\/strong><\/p>\n<p>Conservamos los datos de los usuarios solo el tiempo necesario, de conformidad con la legislaci\u00f3n de protecci\u00f3n de datos. Esto incluye la conservaci\u00f3n indefinida de los comentarios y la informaci\u00f3n de los usuarios registrados, con derechos de acceso y eliminaci\u00f3n garantizados.<\/p>\n<p><strong>6. Derechos del usuario<\/strong><\/p>\n<p>Los usuarios tienen derecho a acceder, corregir, eliminar y transferir sus datos. Pueden realizar sus solicitudes a trav\u00e9s de nuestra direcci\u00f3n de correo electr\u00f3nico empresarial.<\/p>\n<p><strong>7. Seguridad de los datos<\/strong><\/p>\n<p>Nos comprometemos a garantizar la seguridad de los datos recopilados, utilizando medidas de protecci\u00f3n avanzadas para evitar el acceso no autorizado, la alteraci\u00f3n o la destrucci\u00f3n de la informaci\u00f3n personal.<\/p>\n<p><strong>8. Cambios en la Pol\u00edtica de Privacidad<\/strong><\/p>\n<p>Esta pol\u00edtica de privacidad puede actualizarse peri\u00f3dicamente. Recomendamos a los usuarios que revisen esta p\u00e1gina peri\u00f3dicamente para mantenerse informados sobre c\u00f3mo protegemos su informaci\u00f3n.<\/p>\n<p><strong>Contacto<\/strong><\/p>\n<p>Para cualquier pregunta o solicitud relacionada con nuestra pol\u00edtica de privacidad, cont\u00e1ctenos a trav\u00e9s de nuestro correo electr\u00f3nico o direcci\u00f3n f\u00edsica disponible en nuestro sitio web.<\/p>\t\t\t\t\t\t\t\t<\/div>\n\t\t\t\t<\/div>\n\t\t\t\t<\/div>\n\t\t\t\t\t<\/div>\n\t\t\t\t<\/div>\n\t\t\t\t<\/div>","protected":false},"excerpt":{"rendered":"<p>Pol\u00edtica de Privacidad de Petra Group 1. Introducci\u00f3n En Petra Group, valoramos la privacidad y la seguridad de los datos de nuestros visitantes y clientes. Con m\u00e1s de 15 a\u00f1os de experiencia en soluciones de personal escalables, que incluyen servicios de consultor\u00eda, empleo global y movilidad, nos comprometemos a proteger la informaci\u00f3n personal que recopilamos.<\/p>","protected":false},"author":1,"featured_media":0,"parent":0,"menu_order":9,"comment_status":"closed","ping_status":"closed","template":"","meta":{"footnotes":""},"class_list":["post-3","page","type-page","status-publish","hentry"],"_links":{"self":[{"href":"https:\/\/petra-group.com.br\/es\/wp-json\/wp\/v2\/pages\/3","targetHints":{"allow":["GET"]}}],"collection":[{"href":"https:\/\/petra-group.com.br\/es\/wp-json\/wp\/v2\/pages"}],"about":[{"href":"https:\/\/petra-group.com.br\/es\/wp-json\/wp\/v2\/types\/page"}],"author":[{"embeddable":true,"href":"https:\/\/petra-group.com.br\/es\/wp-json\/wp\/v2\/users\/1"}],"replies":[{"embeddable":true,"href":"https:\/\/petra-group.com.br\/es\/wp-json\/wp\/v2\/comments?post=3"}],"version-history":[{"count":10,"href":"https:\/\/petra-group.com.br\/es\/wp-json\/wp\/v2\/pages\/3\/revisions"}],"predecessor-version":[{"id":912,"href":"https:\/\/petra-group.com.br\/es\/wp-json\/wp\/v2\/pages\/3\/revisions\/912"}],"wp:attachment":[{"href":"https:\/\/petra-group.com.br\/es\/wp-json\/wp\/v2\/media?parent=3"}],"curies":[{"name":"wp","href":"https:\/\/api.w.org\/{rel}","templated":true}]}}