{"id":96,"date":"2023-12-06T15:17:11","date_gmt":"2023-12-06T18:17:11","guid":{"rendered":"https:\/\/petra-group.com.br\/?page_id=96"},"modified":"2025-09-16T02:32:56","modified_gmt":"2025-09-16T05:32:56","slug":"setores","status":"publish","type":"page","link":"https:\/\/petra-group.com.br\/es\/setores\/","title":{"rendered":"Sectores"},"content":{"rendered":"<div data-elementor-type=\"wp-page\" data-elementor-id=\"96\" class=\"elementor elementor-96\" data-elementor-post-type=\"page\">\n\t\t\t\t<div class=\"elementor-element elementor-element-9f1bd1b e-flex e-con-boxed e-con e-parent\" data-id=\"9f1bd1b\" data-element_type=\"container\" data-settings=\"{&quot;background_background&quot;:&quot;classic&quot;,&quot;jet_parallax_layout_list&quot;:[]}\">\n\t\t\t\t\t<div class=\"e-con-inner\">\n\t\t<div class=\"elementor-element elementor-element-7e489a7 e-con-full e-flex e-con e-child\" data-id=\"7e489a7\" data-element_type=\"container\" data-settings=\"{&quot;jet_parallax_layout_list&quot;:[]}\">\n\t\t\t\t<div class=\"elementor-element elementor-element-aea4a29 elementor-widget-tablet__width-initial elementor-widget-mobile__width-inherit elementor-widget elementor-widget-heading\" data-id=\"aea4a29\" data-element_type=\"widget\" data-widget_type=\"heading.default\">\n\t\t\t\t<div class=\"elementor-widget-container\">\n\t\t\t\t\t<h1 class=\"elementor-heading-title elementor-size-default\">Todos los sectores<\/h1>\t\t\t\t<\/div>\n\t\t\t\t<\/div>\n\t\t\t\t<div class=\"elementor-element elementor-element-d82c3a1 elementor-widget elementor-widget-text-editor\" data-id=\"d82c3a1\" data-element_type=\"widget\" data-widget_type=\"text-editor.default\">\n\t\t\t\t<div class=\"elementor-widget-container\">\n\t\t\t\t\t\t\t\t\t<p>Conectando talento con oportunidades en todos los sectores, transformando econom\u00edas y cambiando vidas.<\/p>\t\t\t\t\t\t\t\t<\/div>\n\t\t\t\t<\/div>\n\t\t\t\t<div class=\"elementor-element elementor-element-a46b654 elementor-align-left elementor-mobile-align-justify elementor-widget elementor-widget-button\" data-id=\"a46b654\" data-element_type=\"widget\" data-widget_type=\"button.default\">\n\t\t\t\t<div class=\"elementor-widget-container\">\n\t\t\t\t\t\t\t\t\t<div class=\"elementor-button-wrapper\">\n\t\t\t\t\t<a class=\"elementor-button elementor-button-link elementor-size-lg elementor-animation-grow\" href=\"#setores\">\n\t\t\t\t\t\t<span class=\"elementor-button-content-wrapper\">\n\t\t\t\t\t\t<span class=\"elementor-button-icon\">\n\t\t\t\t<i aria-hidden=\"true\" class=\"arrow_down\"><\/i>\t\t\t<\/span>\n\t\t\t\t\t\t\t\t\t<span class=\"elementor-button-text\">Conozca los sectores<\/span>\n\t\t\t\t\t<\/span>\n\t\t\t\t\t<\/a>\n\t\t\t\t<\/div>\n\t\t\t\t\t\t\t\t<\/div>\n\t\t\t\t<\/div>\n\t\t\t\t<\/div>\n\t\t<div class=\"elementor-element elementor-element-091ae8f e-con-full e-flex e-con e-child\" data-id=\"091ae8f\" data-element_type=\"container\" data-settings=\"{&quot;background_background&quot;:&quot;classic&quot;,&quot;jet_parallax_layout_list&quot;:[]}\">\n\t\t\t\t<\/div>\n\t\t\t\t\t<\/div>\n\t\t\t\t<\/div>\n\t\t<div class=\"elementor-element elementor-element-101d496 e-flex e-con-boxed e-con e-child\" data-id=\"101d496\" data-element_type=\"container\" id=\"setores\" data-settings=\"{&quot;background_background&quot;:&quot;classic&quot;,&quot;jet_parallax_layout_list&quot;:[]}\">\n\t\t\t\t\t<div class=\"e-con-inner\">\n\t\t\t\t<div class=\"elementor-element elementor-element-bd7e3ce elementor-widget-tablet__width-inherit elementor-widget elementor-widget-heading\" data-id=\"bd7e3ce\" data-element_type=\"widget\" data-widget_type=\"heading.default\">\n\t\t\t\t<div class=\"elementor-widget-container\">\n\t\t\t\t\t<h2 class=\"elementor-heading-title elementor-size-default\">Nuestros consultores, con experiencia en las industrias a continuaci\u00f3n, est\u00e1n capacitados para comprender las necesidades espec\u00edficas de nuestros clientes, proporcionando candidatos excepcionalmente calificados para satisfacer sus requisitos de mercado.<\/h2>\t\t\t\t<\/div>\n\t\t\t\t<\/div>\n\t\t<div class=\"elementor-element elementor-element-bee11c3 e-flex e-con-boxed e-con e-child\" data-id=\"bee11c3\" data-element_type=\"container\" data-settings=\"{&quot;background_background&quot;:&quot;classic&quot;,&quot;jet_parallax_layout_list&quot;:[]}\">\n\t\t\t\t\t<div class=\"e-con-inner\">\n\t\t<div class=\"elementor-element elementor-element-6ffd5b4 e-con-full e-flex e-con e-child\" data-id=\"6ffd5b4\" data-element_type=\"container\" id=\"petroleo-gas\" data-settings=\"{&quot;jet_parallax_layout_list&quot;:[]}\">\n\t\t<div class=\"elementor-element elementor-element-23f230c e-con-full e-flex e-con e-child\" data-id=\"23f230c\" data-element_type=\"container\" data-settings=\"{&quot;background_background&quot;:&quot;classic&quot;,&quot;jet_parallax_layout_list&quot;:[]}\">\n\t\t\t\t<\/div>\n\t\t<div class=\"elementor-element elementor-element-0f45ba9 e-con-full e-flex e-con e-child\" data-id=\"0f45ba9\" data-element_type=\"container\" data-settings=\"{&quot;background_background&quot;:&quot;classic&quot;,&quot;jet_parallax_layout_list&quot;:[]}\">\n\t\t\t\t<div class=\"elementor-element elementor-element-49ab54c elementor-widget__width-initial elementor-widget elementor-widget-image\" data-id=\"49ab54c\" data-element_type=\"widget\" data-widget_type=\"image.default\">\n\t\t\t\t<div class=\"elementor-widget-container\">\n\t\t\t\t\t\t\t\t\t\t\t\t\t\t\t<img decoding=\"async\" width=\"39\" height=\"51\" src=\"https:\/\/petra-group.com.br\/wp-content\/uploads\/2023\/12\/petro-icon.png\" class=\"attachment-large size-large wp-image-320\" alt=\"\" \/>\t\t\t\t\t\t\t\t\t\t\t\t\t\t\t<\/div>\n\t\t\t\t<\/div>\n\t\t\t\t<div class=\"elementor-element elementor-element-0da1faf elementor-widget-tablet__width-initial elementor-widget-mobile__width-inherit elementor-widget elementor-widget-heading\" data-id=\"0da1faf\" data-element_type=\"widget\" data-widget_type=\"heading.default\">\n\t\t\t\t<div class=\"elementor-widget-container\">\n\t\t\t\t\t<h1 class=\"elementor-heading-title elementor-size-default\">Petr\u00f3leo y gas<\/h1>\t\t\t\t<\/div>\n\t\t\t\t<\/div>\n\t\t\t\t<\/div>\n\t\t\t\t<\/div>\n\t\t<div class=\"elementor-element elementor-element-7e1e3ed e-con-full e-flex e-con e-child\" data-id=\"7e1e3ed\" data-element_type=\"container\" id=\"industria-de-mineracao\" data-settings=\"{&quot;jet_parallax_layout_list&quot;:[]}\">\n\t\t<div class=\"elementor-element elementor-element-6d29d7a e-con-full e-flex e-con e-child\" data-id=\"6d29d7a\" data-element_type=\"container\" data-settings=\"{&quot;background_background&quot;:&quot;classic&quot;,&quot;jet_parallax_layout_list&quot;:[]}\">\n\t\t\t\t<\/div>\n\t\t<div class=\"elementor-element elementor-element-9c65d51 e-con-full e-flex e-con e-child\" data-id=\"9c65d51\" data-element_type=\"container\" data-settings=\"{&quot;background_background&quot;:&quot;classic&quot;,&quot;jet_parallax_layout_list&quot;:[]}\">\n\t\t\t\t<div class=\"elementor-element elementor-element-1ff551d elementor-widget__width-initial elementor-widget elementor-widget-image\" data-id=\"1ff551d\" data-element_type=\"widget\" data-widget_type=\"image.default\">\n\t\t\t\t<div class=\"elementor-widget-container\">\n\t\t\t\t\t\t\t\t\t\t\t\t\t\t\t<img decoding=\"async\" width=\"46\" height=\"55\" src=\"https:\/\/petra-group.com.br\/wp-content\/uploads\/2023\/12\/Industria-de-Mineracao-icon.jpg.png\" class=\"attachment-large size-large wp-image-323\" alt=\"\" \/>\t\t\t\t\t\t\t\t\t\t\t\t\t\t\t<\/div>\n\t\t\t\t<\/div>\n\t\t\t\t<div class=\"elementor-element elementor-element-a54fcc0 elementor-widget-tablet__width-initial elementor-widget-mobile__width-inherit elementor-widget elementor-widget-heading\" data-id=\"a54fcc0\" data-element_type=\"widget\" data-widget_type=\"heading.default\">\n\t\t\t\t<div class=\"elementor-widget-container\">\n\t\t\t\t\t<h1 class=\"elementor-heading-title elementor-size-default\">Industria minera<\/h1>\t\t\t\t<\/div>\n\t\t\t\t<\/div>\n\t\t\t\t<\/div>\n\t\t\t\t<\/div>\n\t\t<div class=\"elementor-element elementor-element-1837c7b e-con-full e-flex e-con e-child\" data-id=\"1837c7b\" data-element_type=\"container\" id=\"industria-de-energia\" data-settings=\"{&quot;jet_parallax_layout_list&quot;:[]}\">\n\t\t<div class=\"elementor-element elementor-element-6999984 e-con-full e-flex e-con e-child\" data-id=\"6999984\" data-element_type=\"container\" data-settings=\"{&quot;background_background&quot;:&quot;classic&quot;,&quot;jet_parallax_layout_list&quot;:[]}\">\n\t\t\t\t<\/div>\n\t\t<div class=\"elementor-element elementor-element-9614f5c e-con-full e-flex e-con e-child\" data-id=\"9614f5c\" data-element_type=\"container\" data-settings=\"{&quot;background_background&quot;:&quot;classic&quot;,&quot;jet_parallax_layout_list&quot;:[]}\">\n\t\t\t\t<div class=\"elementor-element elementor-element-2129ddb elementor-widget__width-initial elementor-widget elementor-widget-image\" data-id=\"2129ddb\" data-element_type=\"widget\" data-widget_type=\"image.default\">\n\t\t\t\t<div class=\"elementor-widget-container\">\n\t\t\t\t\t\t\t\t\t\t\t\t\t\t\t<img decoding=\"async\" width=\"55\" height=\"67\" src=\"https:\/\/petra-group.com.br\/wp-content\/uploads\/2023\/12\/Energia-Renovavel-icon.png\" class=\"attachment-large size-large wp-image-324\" alt=\"\" \/>\t\t\t\t\t\t\t\t\t\t\t\t\t\t\t<\/div>\n\t\t\t\t<\/div>\n\t\t\t\t<div class=\"elementor-element elementor-element-2b42e04 elementor-widget-tablet__width-initial elementor-widget-mobile__width-inherit elementor-widget elementor-widget-heading\" data-id=\"2b42e04\" data-element_type=\"widget\" data-widget_type=\"heading.default\">\n\t\t\t\t<div class=\"elementor-widget-container\">\n\t\t\t\t\t<h1 class=\"elementor-heading-title elementor-size-default\">Energ\u00eda renovable<\/h1>\t\t\t\t<\/div>\n\t\t\t\t<\/div>\n\t\t\t\t<\/div>\n\t\t\t\t<\/div>\n\t\t<div class=\"elementor-element elementor-element-048d2d7 e-con-full e-flex e-con e-child\" data-id=\"048d2d7\" data-element_type=\"container\" id=\"construcao\" data-settings=\"{&quot;jet_parallax_layout_list&quot;:[]}\">\n\t\t<div class=\"elementor-element elementor-element-2b293e0 e-con-full e-flex e-con e-child\" data-id=\"2b293e0\" data-element_type=\"container\" data-settings=\"{&quot;background_background&quot;:&quot;classic&quot;,&quot;jet_parallax_layout_list&quot;:[]}\">\n\t\t\t\t<\/div>\n\t\t<div class=\"elementor-element elementor-element-4ed590c e-con-full e-flex e-con e-child\" data-id=\"4ed590c\" data-element_type=\"container\" data-settings=\"{&quot;background_background&quot;:&quot;classic&quot;,&quot;jet_parallax_layout_list&quot;:[]}\">\n\t\t\t\t<div class=\"elementor-element elementor-element-4508584 elementor-widget__width-initial elementor-widget elementor-widget-image\" data-id=\"4508584\" data-element_type=\"widget\" data-widget_type=\"image.default\">\n\t\t\t\t<div class=\"elementor-widget-container\">\n\t\t\t\t\t\t\t\t\t\t\t\t\t\t\t<img loading=\"lazy\" decoding=\"async\" width=\"71\" height=\"62\" src=\"https:\/\/petra-group.com.br\/wp-content\/uploads\/2023\/12\/Construcao-icon.png\" class=\"attachment-large size-large wp-image-326\" alt=\"\" \/>\t\t\t\t\t\t\t\t\t\t\t\t\t\t\t<\/div>\n\t\t\t\t<\/div>\n\t\t\t\t<div class=\"elementor-element elementor-element-e34380a elementor-widget-tablet__width-initial elementor-widget-mobile__width-inherit elementor-widget elementor-widget-heading\" data-id=\"e34380a\" data-element_type=\"widget\" data-widget_type=\"heading.default\">\n\t\t\t\t<div class=\"elementor-widget-container\">\n\t\t\t\t\t<h1 class=\"elementor-heading-title elementor-size-default\">Construcci\u00f3n<\/h1>\t\t\t\t<\/div>\n\t\t\t\t<\/div>\n\t\t\t\t<\/div>\n\t\t\t\t<\/div>\n\t\t<div class=\"elementor-element elementor-element-c7fee68 e-con-full e-flex e-con e-child\" data-id=\"c7fee68\" data-element_type=\"container\" id=\"agro-business\" data-settings=\"{&quot;jet_parallax_layout_list&quot;:[]}\">\n\t\t<div class=\"elementor-element elementor-element-6903de8 e-con-full e-flex e-con e-child\" data-id=\"6903de8\" data-element_type=\"container\" data-settings=\"{&quot;background_background&quot;:&quot;classic&quot;,&quot;jet_parallax_layout_list&quot;:[]}\">\n\t\t\t\t<\/div>\n\t\t<div class=\"elementor-element elementor-element-4a97c1c e-con-full e-flex e-con e-child\" data-id=\"4a97c1c\" data-element_type=\"container\" data-settings=\"{&quot;background_background&quot;:&quot;classic&quot;,&quot;jet_parallax_layout_list&quot;:[]}\">\n\t\t\t\t<div class=\"elementor-element elementor-element-9f599f7 elementor-widget__width-initial elementor-widget elementor-widget-image\" data-id=\"9f599f7\" data-element_type=\"widget\" data-widget_type=\"image.default\">\n\t\t\t\t<div class=\"elementor-widget-container\">\n\t\t\t\t\t\t\t\t\t\t\t\t\t\t\t<img loading=\"lazy\" decoding=\"async\" width=\"64\" height=\"65\" src=\"https:\/\/petra-group.com.br\/wp-content\/uploads\/2023\/12\/agro-icon.png\" class=\"attachment-large size-large wp-image-489\" alt=\"\" \/>\t\t\t\t\t\t\t\t\t\t\t\t\t\t\t<\/div>\n\t\t\t\t<\/div>\n\t\t\t\t<div class=\"elementor-element elementor-element-8c67e4b elementor-widget-tablet__width-initial elementor-widget-mobile__width-inherit elementor-widget elementor-widget-heading\" data-id=\"8c67e4b\" data-element_type=\"widget\" data-widget_type=\"heading.default\">\n\t\t\t\t<div class=\"elementor-widget-container\">\n\t\t\t\t\t<h1 class=\"elementor-heading-title elementor-size-default\">Agronegocios<\/h1>\t\t\t\t<\/div>\n\t\t\t\t<\/div>\n\t\t\t\t<\/div>\n\t\t\t\t<\/div>\n\t\t<div class=\"elementor-element elementor-element-b34bc1f e-con-full e-flex e-con e-child\" data-id=\"b34bc1f\" data-element_type=\"container\" data-settings=\"{&quot;jet_parallax_layout_list&quot;:[]}\">\n\t\t<div class=\"elementor-element elementor-element-d13c843 e-con-full e-flex e-con e-child\" data-id=\"d13c843\" data-element_type=\"container\" data-settings=\"{&quot;background_background&quot;:&quot;classic&quot;,&quot;jet_parallax_layout_list&quot;:[]}\">\n\t\t\t\t<\/div>\n\t\t<div class=\"elementor-element elementor-element-8a80c3d e-con-full e-flex e-con e-child\" data-id=\"8a80c3d\" data-element_type=\"container\" data-settings=\"{&quot;background_background&quot;:&quot;classic&quot;,&quot;jet_parallax_layout_list&quot;:[]}\">\n\t\t\t\t<div class=\"elementor-element elementor-element-cbe82b2 elementor-widget__width-initial elementor-widget elementor-widget-image\" data-id=\"cbe82b2\" data-element_type=\"widget\" data-widget_type=\"image.default\">\n\t\t\t\t<div class=\"elementor-widget-container\">\n\t\t\t\t\t\t\t\t\t\t\t\t\t\t\t<img loading=\"lazy\" decoding=\"async\" width=\"30\" height=\"64\" src=\"https:\/\/petra-group.com.br\/wp-content\/uploads\/2023\/12\/energia-icon.png\" class=\"attachment-large size-large wp-image-497\" alt=\"\" \/>\t\t\t\t\t\t\t\t\t\t\t\t\t\t\t<\/div>\n\t\t\t\t<\/div>\n\t\t\t\t<div class=\"elementor-element elementor-element-263b66c elementor-widget-tablet__width-initial elementor-widget-mobile__width-inherit elementor-widget elementor-widget-heading\" data-id=\"263b66c\" data-element_type=\"widget\" data-widget_type=\"heading.default\">\n\t\t\t\t<div class=\"elementor-widget-container\">\n\t\t\t\t\t<h1 class=\"elementor-heading-title elementor-size-default\">Energ\u00eda<\/h1>\t\t\t\t<\/div>\n\t\t\t\t<\/div>\n\t\t\t\t<\/div>\n\t\t\t\t<\/div>\n\t\t<div class=\"elementor-element elementor-element-341cee1 e-con-full e-flex e-con e-child\" data-id=\"341cee1\" data-element_type=\"container\" data-settings=\"{&quot;jet_parallax_layout_list&quot;:[]}\">\n\t\t<div class=\"elementor-element elementor-element-c2c55dd e-con-full e-flex e-con e-child\" data-id=\"c2c55dd\" data-element_type=\"container\" data-settings=\"{&quot;background_background&quot;:&quot;classic&quot;,&quot;jet_parallax_layout_list&quot;:[]}\">\n\t\t\t\t<\/div>\n\t\t<div class=\"elementor-element elementor-element-62d1d52 e-con-full e-flex e-con e-child\" data-id=\"62d1d52\" data-element_type=\"container\" data-settings=\"{&quot;background_background&quot;:&quot;classic&quot;,&quot;jet_parallax_layout_list&quot;:[]}\">\n\t\t\t\t<div class=\"elementor-element elementor-element-34d0e32 elementor-widget__width-initial elementor-widget elementor-widget-image\" data-id=\"34d0e32\" data-element_type=\"widget\" data-widget_type=\"image.default\">\n\t\t\t\t<div class=\"elementor-widget-container\">\n\t\t\t\t\t\t\t\t\t\t\t\t\t\t\t<img loading=\"lazy\" decoding=\"async\" width=\"63\" height=\"63\" src=\"https:\/\/petra-group.com.br\/wp-content\/uploads\/2023\/12\/maritima-icon.png\" class=\"attachment-large size-large wp-image-493\" alt=\"\" \/>\t\t\t\t\t\t\t\t\t\t\t\t\t\t\t<\/div>\n\t\t\t\t<\/div>\n\t\t\t\t<div class=\"elementor-element elementor-element-5fb7241 elementor-widget-tablet__width-initial elementor-widget-mobile__width-inherit elementor-widget elementor-widget-heading\" data-id=\"5fb7241\" data-element_type=\"widget\" data-widget_type=\"heading.default\">\n\t\t\t\t<div class=\"elementor-widget-container\">\n\t\t\t\t\t<h1 class=\"elementor-heading-title elementor-size-default\">Industria mar\u00edtima<\/h1>\t\t\t\t<\/div>\n\t\t\t\t<\/div>\n\t\t\t\t<\/div>\n\t\t\t\t<\/div>\n\t\t<div class=\"elementor-element elementor-element-e10a496 e-con-full e-flex e-con e-child\" data-id=\"e10a496\" data-element_type=\"container\" data-settings=\"{&quot;jet_parallax_layout_list&quot;:[]}\">\n\t\t<div class=\"elementor-element elementor-element-0864988 e-con-full e-flex e-con e-child\" data-id=\"0864988\" data-element_type=\"container\" data-settings=\"{&quot;background_background&quot;:&quot;classic&quot;,&quot;jet_parallax_layout_list&quot;:[]}\">\n\t\t\t\t<div class=\"elementor-element elementor-element-729ad9a elementor-widget__width-initial elementor-widget elementor-widget-image\" data-id=\"729ad9a\" data-element_type=\"widget\" data-widget_type=\"image.default\">\n\t\t\t\t<div class=\"elementor-widget-container\">\n\t\t\t\t\t\t\t\t\t\t\t\t\t\t\t<img loading=\"lazy\" decoding=\"async\" width=\"64\" height=\"56\" src=\"https:\/\/petra-group.com.br\/wp-content\/uploads\/2023\/12\/tecnologia-icon.png\" class=\"attachment-large size-large wp-image-499\" alt=\"\" \/>\t\t\t\t\t\t\t\t\t\t\t\t\t\t\t<\/div>\n\t\t\t\t<\/div>\n\t\t\t\t<div class=\"elementor-element elementor-element-7809120 elementor-widget-tablet__width-initial elementor-widget-mobile__width-inherit elementor-widget elementor-widget-heading\" data-id=\"7809120\" data-element_type=\"widget\" data-widget_type=\"heading.default\">\n\t\t\t\t<div class=\"elementor-widget-container\">\n\t\t\t\t\t<h1 class=\"elementor-heading-title elementor-size-default\">Tecnolog\u00eda<\/h1>\t\t\t\t<\/div>\n\t\t\t\t<\/div>\n\t\t\t\t<\/div>\n\t\t<div class=\"elementor-element elementor-element-ad131e3 e-con-full e-flex e-con e-child\" data-id=\"ad131e3\" data-element_type=\"container\" data-settings=\"{&quot;background_background&quot;:&quot;classic&quot;,&quot;jet_parallax_layout_list&quot;:[]}\">\n\t\t\t\t<\/div>\n\t\t\t\t<\/div>\n\t\t<div class=\"elementor-element elementor-element-86564f5 e-con-full e-flex e-con e-child\" data-id=\"86564f5\" data-element_type=\"container\" data-settings=\"{&quot;jet_parallax_layout_list&quot;:[]}\">\n\t\t<div class=\"elementor-element elementor-element-f9cb36f e-con-full e-flex e-con e-child\" data-id=\"f9cb36f\" data-element_type=\"container\" data-settings=\"{&quot;background_background&quot;:&quot;classic&quot;,&quot;jet_parallax_layout_list&quot;:[]}\">\n\t\t\t\t<\/div>\n\t\t<div class=\"elementor-element elementor-element-9295c7d e-con-full e-flex e-con e-child\" data-id=\"9295c7d\" data-element_type=\"container\" data-settings=\"{&quot;background_background&quot;:&quot;classic&quot;,&quot;jet_parallax_layout_list&quot;:[]}\">\n\t\t\t\t<div class=\"elementor-element elementor-element-ad5f7f8 elementor-widget__width-initial elementor-widget elementor-widget-image\" data-id=\"ad5f7f8\" data-element_type=\"widget\" data-widget_type=\"image.default\">\n\t\t\t\t<div class=\"elementor-widget-container\">\n\t\t\t\t\t\t\t\t\t\t\t\t\t\t\t<img loading=\"lazy\" decoding=\"async\" width=\"71\" height=\"61\" src=\"https:\/\/petra-group.com.br\/wp-content\/uploads\/2023\/12\/auto-icon.png\" class=\"attachment-large size-large wp-image-492\" alt=\"\" \/>\t\t\t\t\t\t\t\t\t\t\t\t\t\t\t<\/div>\n\t\t\t\t<\/div>\n\t\t\t\t<div class=\"elementor-element elementor-element-5b5054c elementor-widget-tablet__width-initial elementor-widget-mobile__width-inherit elementor-widget elementor-widget-heading\" data-id=\"5b5054c\" data-element_type=\"widget\" data-widget_type=\"heading.default\">\n\t\t\t\t<div class=\"elementor-widget-container\">\n\t\t\t\t\t<h1 class=\"elementor-heading-title elementor-size-default\">Industria automotriz<\/h1>\t\t\t\t<\/div>\n\t\t\t\t<\/div>\n\t\t\t\t<\/div>\n\t\t\t\t<\/div>\n\t\t<div class=\"elementor-element elementor-element-3523b80 e-con-full e-flex e-con e-child\" data-id=\"3523b80\" data-element_type=\"container\" data-settings=\"{&quot;jet_parallax_layout_list&quot;:[]}\">\n\t\t<div class=\"elementor-element elementor-element-c113ac2 e-con-full e-flex e-con e-child\" data-id=\"c113ac2\" data-element_type=\"container\" data-settings=\"{&quot;background_background&quot;:&quot;classic&quot;,&quot;jet_parallax_layout_list&quot;:[]}\">\n\t\t\t\t<\/div>\n\t\t<div class=\"elementor-element elementor-element-8671b4e e-con-full e-flex e-con e-child\" data-id=\"8671b4e\" data-element_type=\"container\" data-settings=\"{&quot;background_background&quot;:&quot;classic&quot;,&quot;jet_parallax_layout_list&quot;:[]}\">\n\t\t\t\t<div class=\"elementor-element elementor-element-6b946a5 elementor-widget__width-initial elementor-widget elementor-widget-image\" data-id=\"6b946a5\" data-element_type=\"widget\" data-widget_type=\"image.default\">\n\t\t\t\t<div class=\"elementor-widget-container\">\n\t\t\t\t\t\t\t\t\t\t\t\t\t\t\t<img loading=\"lazy\" decoding=\"async\" width=\"69\" height=\"69\" src=\"https:\/\/petra-group.com.br\/wp-content\/uploads\/2023\/12\/finan-icon.png\" class=\"attachment-large size-large wp-image-496\" alt=\"\" \/>\t\t\t\t\t\t\t\t\t\t\t\t\t\t\t<\/div>\n\t\t\t\t<\/div>\n\t\t\t\t<div class=\"elementor-element elementor-element-399bfba elementor-widget-tablet__width-initial elementor-widget-mobile__width-inherit elementor-widget elementor-widget-heading\" data-id=\"399bfba\" data-element_type=\"widget\" data-widget_type=\"heading.default\">\n\t\t\t\t<div class=\"elementor-widget-container\">\n\t\t\t\t\t<h1 class=\"elementor-heading-title elementor-size-default\">Finanzas y comercio<\/h1>\t\t\t\t<\/div>\n\t\t\t\t<\/div>\n\t\t\t\t<\/div>\n\t\t\t\t<\/div>\n\t\t\t\t\t<\/div>\n\t\t\t\t<\/div>\n\t\t\t\t\t<\/div>\n\t\t\t\t<\/div>\n\t\t\t\t<\/div>","protected":false},"excerpt":{"rendered":"<p>Conectamos el talento con las oportunidades en todos los sectores, transformando las econom\u00edas y cambiando vidas. Conozca los sectores: Nuestros consultores, especializados en las industrias que se detallan a continuaci\u00f3n, comprenden a la perfecci\u00f3n las necesidades espec\u00edficas de nuestros clientes y les proporcionan candidatos altamente cualificados para satisfacer las demandas del mercado. Petr\u00f3leo y gas, miner\u00eda, energ\u00edas renovables [\u2026]<\/p>","protected":false},"author":1,"featured_media":0,"parent":0,"menu_order":4,"comment_status":"closed","ping_status":"closed","template":"","meta":{"footnotes":""},"class_list":["post-96","page","type-page","status-publish","hentry"],"_links":{"self":[{"href":"https:\/\/petra-group.com.br\/es\/wp-json\/wp\/v2\/pages\/96","targetHints":{"allow":["GET"]}}],"collection":[{"href":"https:\/\/petra-group.com.br\/es\/wp-json\/wp\/v2\/pages"}],"about":[{"href":"https:\/\/petra-group.com.br\/es\/wp-json\/wp\/v2\/types\/page"}],"author":[{"embeddable":true,"href":"https:\/\/petra-group.com.br\/es\/wp-json\/wp\/v2\/users\/1"}],"replies":[{"embeddable":true,"href":"https:\/\/petra-group.com.br\/es\/wp-json\/wp\/v2\/comments?post=96"}],"version-history":[{"count":43,"href":"https:\/\/petra-group.com.br\/es\/wp-json\/wp\/v2\/pages\/96\/revisions"}],"predecessor-version":[{"id":1533,"href":"https:\/\/petra-group.com.br\/es\/wp-json\/wp\/v2\/pages\/96\/revisions\/1533"}],"wp:attachment":[{"href":"https:\/\/petra-group.com.br\/es\/wp-json\/wp\/v2\/media?parent=96"}],"curies":[{"name":"wp","href":"https:\/\/api.w.org\/{rel}","templated":true}]}}